{"id":156,"date":"2026-01-19T19:12:53","date_gmt":"2026-01-19T19:12:53","guid":{"rendered":"https:\/\/aofyol.com\/?page_id=156"},"modified":"2026-03-30T10:44:38","modified_gmt":"2026-03-30T10:44:38","slug":"auzef-cocuk-gelisimi-on-lisans","status":"publish","type":"page","link":"https:\/\/aofyol.com\/en\/auzef-cocuk-gelisimi-on-lisans\/","title":{"rendered":"Child Development (Associate Degree)"},"content":{"rendered":"<p><img loading=\"lazy\" decoding=\"async\" class=\"wp-image-23 aligncenter\" src=\"https:\/\/aofyol.com\/wp-content\/uploads\/2026\/01\/cropped-kucuk-logo.png\" alt=\"\" width=\"64\" height=\"46\" \/><\/p>\n\n    <div class=\"wp-block-bplugins-custom-html\" id='bPluginsCustomHtml-1'>\n    <div class=\"lesson-card\">\n  <h2>\ud83d\udcd8 AUZEF \u00c7ocuk Geli\u015fimi (\u00d6n Lisans) Ders Listesi<\/h2>\n\n  <div class=\"term\">\n    <h3>\ud83c\udf93 1. S\u0131n\u0131f \u2013 G\u00fcz D\u00f6nemi<\/h3>\n    <div class=\"lesson-list\">\n      <a href=\"https:\/\/aofyol.com\/en\/anatomi\/\" class=\"lesson-btn\">Anatomy<\/a>\n      <a href=\"https:\/\/aofyol.com\/en\/ataturk-ilkeleri-ve-inkilap-tarihi-1-cikmis-sorular\/\" class=\"lesson-btn\">A\u0130 \u0130nkilap Tarihi-1<\/a>\n      <a href=\"#\" class=\"lesson-btn\">Scientific Research Techniques<\/a>\n      <a href=\"#\" class=\"lesson-btn\">Psychology<\/a>\n      <a href=\"#\" class=\"lesson-btn\">Introduction to Sociology<\/a>\n      <a href=\"#\" class=\"lesson-btn\">T\u00fcrk Dili-1<\/a>\n      <a href=\"#\" class=\"lesson-btn\">Yabanc\u0131 Dil-1<\/a>\n    <\/div>\n  <\/div>\n\n  <div class=\"term\">\n    <h3>\ud83c\udf93 1. S\u0131n\u0131f \u2013 Bahar D\u00f6nemi<\/h3>\n    <div class=\"lesson-list\">\n      <a href=\"#\" class=\"lesson-btn\">Anne-\u00c7ocuk Beslenmesi<\/a>\n      <a href=\"#\" class=\"lesson-btn\">A\u0130 \u0130nkilap Tarihi-2<\/a>\n      <a href=\"#\" class=\"lesson-btn\">Developmental Psychology<\/a>\n      <a href=\"#\" class=\"lesson-btn\">Statistics<\/a>\n      <a href=\"#\" class=\"lesson-btn\">T\u00fcrk Dili-2<\/a>\n      <a href=\"#\" class=\"lesson-btn\">Yabanc\u0131 Dil-2<\/a>\n      <a href=\"#\" class=\"lesson-btn\">Life Skills<\/a>\n    <\/div>\n  <\/div>\n\n  <div class=\"term\">\n    <h3>\ud83c\udf93 2. S\u0131n\u0131f \u2013 G\u00fcz D\u00f6nemi<\/h3>\n    <div class=\"lesson-list\">\n      <a href=\"#\" class=\"lesson-btn\">Bebeklik D\u00f6neminde Geli\u015fim ve E\u011fitim<\/a>\n      <a href=\"#\" class=\"lesson-btn\">\u00c7ocuk Resimlerinin Analizi<\/a>\n      <a href=\"#\" class=\"lesson-btn\">\u00c7ocukluk D\u00f6neminde Sanat<\/a>\n      <a href=\"#\" class=\"lesson-btn\">Erken \u00c7ocukluk D\u00f6neminde Dil Edinimi<\/a>\n      <a href=\"#\" class=\"lesson-btn\">Erken M\u00fcdahale Programlar\u0131 ve Geli\u015fimsel Destek<\/a>\n      <a href=\"#\" class=\"lesson-btn\">Resimli \u00c7ocuk Kitaplar\u0131<\/a>\n    <\/div>\n  <\/div>\n\n  <div class=\"term\">\n    <h3>\ud83c\udf93 2. S\u0131n\u0131f \u2013 Bahar D\u00f6nemi<\/h3>\n    <div class=\"lesson-list\">\n      <a href=\"#\" class=\"lesson-btn\">\u00c7ocuk Geli\u015fimi Uygulamas\u0131<\/a>\n      <a href=\"#\" class=\"lesson-btn\">\u00c7ocuklarda Uyum ve Davran\u0131\u015f Problemleri<\/a>\n      <a href=\"#\" class=\"lesson-btn\">\u00c7ocukluk ve Ergenlik D\u00f6neminde Geli\u015fim<\/a>\n      <a href=\"#\" class=\"lesson-btn\">Erken \u00c7ocukluk E\u011fitiminde Montessori Yakla\u015f\u0131m\u0131<\/a>\n    <\/div>\n  <\/div>\n<\/div>\n\n<style>\n.lesson-card{\n  max-width:800px;\n  margin:40px auto;\n  padding:25px;\n  background:#f3f4f6;\n  border-radius:12px;\n  border:1px solid #d1d5db;\n  box-shadow:0 6px 18px rgba(0,0,0,0.08);\n  font-family:-apple-system,BlinkMacSystemFont,\"Segoe UI\",Roboto,Arial,sans-serif;\n}\n\n.lesson-card h2{\n  text-align:center;\n  margin-bottom:25px;\n  font-size:24px;\n  color:#111827;\n}\n\n.term{\n  margin-bottom:25px;\n}\n\n.term h3{\n  margin-bottom:12px;\n  font-size:18px;\n  color:#111827;\n}\n\n.lesson-list{\n  display:flex;\n  flex-wrap:wrap;\n  gap:10px;\n}\n\n.lesson-btn{\n  padding:10px 15px;\n  background:#0071e3;\n  color:white;\n  text-decoration:none;\n  border-radius:8px;\n  font-size:14px;\n  transition:0.2s;\n}\n\n.lesson-btn:hover{\n  background:#0066cc;\n}\n<\/style>    <\/div>","protected":false},"excerpt":{"rendered":"","protected":false},"author":1,"featured_media":0,"parent":0,"menu_order":0,"comment_status":"closed","ping_status":"closed","template":"","meta":{"om_disable_all_campaigns":false,"_monsterinsights_skip_tracking":false,"_monsterinsights_sitenote_active":false,"_monsterinsights_sitenote_note":"","_monsterinsights_sitenote_category":0,"footnotes":""},"class_list":["post-156","page","type-page","status-publish","hentry"],"aioseo_notices":[],"_hostinger_reach_plugin_has_subscription_block":false,"_hostinger_reach_plugin_is_elementor":false,"_links":{"self":[{"href":"https:\/\/aofyol.com\/en\/wp-json\/wp\/v2\/pages\/156","targetHints":{"allow":["GET"]}}],"collection":[{"href":"https:\/\/aofyol.com\/en\/wp-json\/wp\/v2\/pages"}],"about":[{"href":"https:\/\/aofyol.com\/en\/wp-json\/wp\/v2\/types\/page"}],"author":[{"embeddable":true,"href":"https:\/\/aofyol.com\/en\/wp-json\/wp\/v2\/users\/1"}],"replies":[{"embeddable":true,"href":"https:\/\/aofyol.com\/en\/wp-json\/wp\/v2\/comments?post=156"}],"version-history":[{"count":7,"href":"https:\/\/aofyol.com\/en\/wp-json\/wp\/v2\/pages\/156\/revisions"}],"predecessor-version":[{"id":763,"href":"https:\/\/aofyol.com\/en\/wp-json\/wp\/v2\/pages\/156\/revisions\/763"}],"wp:attachment":[{"href":"https:\/\/aofyol.com\/en\/wp-json\/wp\/v2\/media?parent=156"}],"curies":[{"name":"wp","href":"https:\/\/api.w.org\/{rel}","templated":true}]}}