{"id":561,"date":"2026-03-19T13:35:14","date_gmt":"2026-03-19T13:35:14","guid":{"rendered":"https:\/\/aofyol.com\/?page_id=561"},"modified":"2026-03-19T13:35:16","modified_gmt":"2026-03-19T13:35:16","slug":"auzef-sosyal-hizmetler-on-lisans-lisans","status":"publish","type":"page","link":"https:\/\/aofyol.com\/en\/auzef-sosyal-hizmetler-on-lisans-lisans\/","title":{"rendered":"Sosyal Hizmetler \u00d6n Lisans &amp; Lisans"},"content":{"rendered":"<div class=\"aligncenter wp-block-site-logo\"><a href=\"https:\/\/aofyol.com\/en\/\" class=\"custom-logo-link\" rel=\"home\"><img loading=\"lazy\" decoding=\"async\" width=\"73\" height=\"52\" src=\"https:\/\/aofyol.com\/wp-content\/uploads\/2026\/01\/cropped-kucuk-logo.png\" class=\"custom-logo\" alt=\"\u00c7\u0131km\u0131\u015f Sorular &#8211; Auzef &#8211; A\u00d6F &#8211; ATA A\u00d6F &#8211;\" srcset=\"https:\/\/aofyol.com\/wp-content\/uploads\/2026\/01\/cropped-kucuk-logo.png 151w, https:\/\/aofyol.com\/wp-content\/uploads\/2026\/01\/cropped-kucuk-logo-130x90.png 130w\" sizes=\"auto, (max-width: 73px) 100vw, 73px\" \/><\/a><\/div>\n\n    <div class=\"wp-block-bplugins-custom-html\" id='bPluginsCustomHtml-1'>\n    <div class=\"lesson-card\">\n  <h2>\ud83d\udcd8 AUZEF Sosyal Hizmetler \u00d6n Lisans &#038; Lisans Ders Listesi<\/h2>\n\n  <!-- 1. S\u0131n\u0131f \u2013 G\u00fcz D\u00f6nemi -->\n  <div class=\"term\">\n    <h3>\ud83c\udf93 1. S\u0131n\u0131f \u2013 G\u00fcz D\u00f6nemi<\/h3>\n    <div class=\"lesson-list\">\n      <a href=\"#\" class=\"lesson-btn\">A.\u0130.\u0130nk\u0131lap Tarihi I<\/a>\n      <a href=\"#\" class=\"lesson-btn\">T\u00fcrk Dili I<\/a>\n      <a href=\"#\" class=\"lesson-btn\">Yabanc\u0131 Dil I<\/a>\n      <a href=\"#\" class=\"lesson-btn\">Sociology<\/a>\n      <a href=\"#\" class=\"lesson-btn\">Sosyal Politika<\/a>\n      <a href=\"#\" class=\"lesson-btn\">Sosyal Hizmete Giri\u015f<\/a>\n      <a href=\"#\" class=\"lesson-btn\">Psychology<\/a>\n    <\/div>\n  <\/div>\n\n  <!-- 1. S\u0131n\u0131f \u2013 Bahar D\u00f6nemi -->\n  <div class=\"term\">\n    <h3>\ud83c\udf93 1. S\u0131n\u0131f \u2013 Bahar D\u00f6nemi<\/h3>\n    <div class=\"lesson-list\">\n      <a href=\"#\" class=\"lesson-btn\">A.\u0130.\u0130nk\u0131lap Tarihi II<\/a>\n      <a href=\"#\" class=\"lesson-btn\">T\u00fcrk Dili II<\/a>\n      <a href=\"#\" class=\"lesson-btn\">Yabanc\u0131 Dil II<\/a>\n      <a href=\"#\" class=\"lesson-btn\">Sosyal Hizmet Mevzuat\u0131<\/a>\n      <a href=\"#\" class=\"lesson-btn\">Sosyal Hizmet Tarihi<\/a>\n      <a href=\"#\" class=\"lesson-btn\">Sosyal Antropoloji<\/a>\n      <a href=\"#\" class=\"lesson-btn\">Sosyal G\u00fcvenlik<\/a>\n    <\/div>\n  <\/div>\n\n  <!-- 2. S\u0131n\u0131f \u2013 G\u00fcz D\u00f6nemi -->\n  <div class=\"term\">\n    <h3>\ud83c\udf93 2. S\u0131n\u0131f \u2013 G\u00fcz D\u00f6nemi<\/h3>\n    <div class=\"lesson-list\">\n      <a href=\"#\" class=\"lesson-btn\">Sosyal Hizmet Kuramlar\u0131<\/a>\n      <a href=\"#\" class=\"lesson-btn\">T\u00fcrkiye\u2019de Sosyal Hizmet Uygulamalar\u0131<\/a>\n      <a href=\"#\" class=\"lesson-btn\">Kamu Y\u00f6netimi ve Sosyal Hizmet<\/a>\n      <a href=\"#\" class=\"lesson-btn\">Yerel Y\u00f6netimler ve Sosyal Hizmet<\/a>\n      <a href=\"#\" class=\"lesson-btn\">Sosyal Psikoloji<\/a>\n      <a href=\"#\" class=\"lesson-btn\">Rapor Yazma ve M\u00fclakat Teknikleri<\/a>\n    <\/div>\n  <\/div>\n\n  <!-- 2. S\u0131n\u0131f \u2013 Bahar D\u00f6nemi -->\n  <div class=\"term\">\n    <h3>\ud83c\udf93 2. S\u0131n\u0131f \u2013 Bahar D\u00f6nemi<\/h3>\n    <div class=\"lesson-list\">\n      <a href=\"#\" class=\"lesson-btn\">Sosyal Hizmet Y\u00f6netimi<\/a>\n      <a href=\"#\" class=\"lesson-btn\">\u0130nsan Haklar\u0131 ve Sosyal Hizmet<\/a>\n      <a href=\"#\" class=\"lesson-btn\">Bak\u0131m ve Sosyal Hizmet<\/a>\n      <a href=\"#\" class=\"lesson-btn\">Yoksulluk ve Sosyal Hizmet<\/a>\n      <a href=\"#\" class=\"lesson-btn\">D\u00fcnyada Sosyal Hizmet Uygulamalar\u0131<\/a>\n      <a href=\"#\" class=\"lesson-btn\">Ya\u015fl\u0131l\u0131k ve Sosyal Hizmet<\/a>\n    <\/div>\n  <\/div>\n\n  <!-- 3. S\u0131n\u0131f \u2013 G\u00fcz D\u00f6nemi -->\n  <div class=\"term\">\n    <h3>\ud83c\udf93 3. S\u0131n\u0131f \u2013 G\u00fcz D\u00f6nemi<\/h3>\n    <div class=\"lesson-list\">\n      <a href=\"#\" class=\"lesson-btn\">Birey, Aileler ve Sosyal Hizmet<\/a>\n      <a href=\"#\" class=\"lesson-btn\">Gruplarla Sosyal Hizmet<\/a>\n      <a href=\"#\" class=\"lesson-btn\">\u0130nsan Davran\u0131\u015f\u0131 ve Sosyal \u00c7evre 1<\/a>\n      <a href=\"#\" class=\"lesson-btn\">Okul Sosyal Hizmeti<\/a>\n      <a href=\"#\" class=\"lesson-btn\">Sosyal Hizmet Eti\u011fi<\/a>\n      <a href=\"#\" class=\"lesson-btn\">Sosyal Sorunlar<\/a>\n    <\/div>\n  <\/div>\n\n  <!-- 3. S\u0131n\u0131f \u2013 Bahar D\u00f6nemi -->\n  <div class=\"term\">\n    <h3>\ud83c\udf93 3. S\u0131n\u0131f \u2013 Bahar D\u00f6nemi<\/h3>\n    <div class=\"lesson-list\">\n      <a href=\"#\" class=\"lesson-btn\">Adli Sosyal Hizmet<\/a>\n      <a href=\"#\" class=\"lesson-btn\">Scientific Research Techniques<\/a>\n      <a href=\"#\" class=\"lesson-btn\">\u0130nsan Davran\u0131\u015f\u0131 ve Sosyal \u00c7evre 2<\/a>\n      <a href=\"#\" class=\"lesson-btn\">Psikiyatrik Sosyal Hizmet<\/a>\n      <a href=\"#\" class=\"lesson-btn\">Refah Devleti Analizi<\/a>\n      <a href=\"#\" class=\"lesson-btn\">Toplum ve Sosyal Hizmet<\/a>\n    <\/div>\n  <\/div>\n\n  <!-- 4. S\u0131n\u0131f \u2013 G\u00fcz D\u00f6nemi -->\n  <div class=\"term\">\n    <h3>\ud83c\udf93 4. S\u0131n\u0131f \u2013 G\u00fcz D\u00f6nemi<\/h3>\n    <div class=\"lesson-list\">\n      <a href=\"#\" class=\"lesson-btn\">Aile Terapisi<\/a>\n      <a href=\"#\" class=\"lesson-btn\">\u00c7ocuk, Gen\u00e7lik ve Sosyal Hizmet<\/a>\n      <a href=\"#\" class=\"lesson-btn\">Engelliler ve Sosyal Hizmet<\/a>\n      <a href=\"#\" class=\"lesson-btn\">G\u00f6\u00e7 ve Sosyal Hizmet<\/a>\n      <a href=\"#\" class=\"lesson-btn\">Madde Ba\u011f\u0131ml\u0131l\u0131\u011f\u0131 ve Sosyal Hizmet<\/a>\n      <a href=\"#\" class=\"lesson-btn\">Manevi Destek Hizmetleri<\/a>\n    <\/div>\n  <\/div>\n\n  <!-- 4. S\u0131n\u0131f \u2013 Bahar D\u00f6nemi -->\n  <div class=\"term\">\n    <h3>\ud83c\udf93 4. S\u0131n\u0131f \u2013 Bahar D\u00f6nemi<\/h3>\n    <div class=\"lesson-list\">\n      <a href=\"#\" class=\"lesson-btn\">Sosyal Hizmette Blok Uygulama<\/a>\n      <a href=\"#\" class=\"lesson-btn\">Sosyal Hizmette Uygulama Alanlar\u0131<\/a>\n    <\/div>\n  <\/div>\n<\/div>\n\n<style>\n.lesson-card{\n  max-width:900px;\n  margin:40px auto;\n  padding:25px;\n  background:#f3f4f6;\n  border-radius:12px;\n  border:1px solid #d1d5db;\n  box-shadow:0 6px 18px rgba(0,0,0,0.08);\n  font-family:-apple-system,BlinkMacSystemFont,\"Segoe UI\",Roboto,Arial,sans-serif;\n}\n\n.lesson-card h2{\n  text-align:center;\n  margin-bottom:25px;\n  font-size:24px;\n  color:#111827;\n}\n\n.term{\n  margin-bottom:25px;\n}\n\n.term h3{\n  margin-bottom:12px;\n  font-size:18px;\n  color:#111827;\n}\n\n.lesson-list{\n  display:flex;\n  flex-wrap:wrap;\n  gap:10px;\n}\n\n.lesson-btn{\n  padding:10px 15px;\n  background:#0071e3;\n  color:white;\n  text-decoration:none;\n  border-radius:8px;\n  font-size:14px;\n  transition:0.2s;\n}\n\n.lesson-btn:hover{\n  background:#0066cc;\n}\n<\/style>    <\/div>","protected":false},"excerpt":{"rendered":"","protected":false},"author":1,"featured_media":0,"parent":0,"menu_order":0,"comment_status":"closed","ping_status":"closed","template":"","meta":{"om_disable_all_campaigns":false,"_monsterinsights_skip_tracking":false,"_monsterinsights_sitenote_active":false,"_monsterinsights_sitenote_note":"","_monsterinsights_sitenote_category":0,"footnotes":""},"class_list":["post-561","page","type-page","status-publish","hentry"],"aioseo_notices":[],"_hostinger_reach_plugin_has_subscription_block":false,"_hostinger_reach_plugin_is_elementor":false,"_links":{"self":[{"href":"https:\/\/aofyol.com\/en\/wp-json\/wp\/v2\/pages\/561","targetHints":{"allow":["GET"]}}],"collection":[{"href":"https:\/\/aofyol.com\/en\/wp-json\/wp\/v2\/pages"}],"about":[{"href":"https:\/\/aofyol.com\/en\/wp-json\/wp\/v2\/types\/page"}],"author":[{"embeddable":true,"href":"https:\/\/aofyol.com\/en\/wp-json\/wp\/v2\/users\/1"}],"replies":[{"embeddable":true,"href":"https:\/\/aofyol.com\/en\/wp-json\/wp\/v2\/comments?post=561"}],"version-history":[{"count":2,"href":"https:\/\/aofyol.com\/en\/wp-json\/wp\/v2\/pages\/561\/revisions"}],"predecessor-version":[{"id":575,"href":"https:\/\/aofyol.com\/en\/wp-json\/wp\/v2\/pages\/561\/revisions\/575"}],"wp:attachment":[{"href":"https:\/\/aofyol.com\/en\/wp-json\/wp\/v2\/media?parent=561"}],"curies":[{"name":"wp","href":"https:\/\/api.w.org\/{rel}","templated":true}]}}