{"id":620,"date":"2026-03-24T10:07:43","date_gmt":"2026-03-24T10:07:43","guid":{"rendered":"https:\/\/aofyol.com\/?page_id=620"},"modified":"2026-03-24T10:07:45","modified_gmt":"2026-03-24T10:07:45","slug":"auzef-cografya","status":"publish","type":"page","link":"https:\/\/aofyol.com\/en\/auzef-cografya\/","title":{"rendered":"Auzef Co\u011frafya"},"content":{"rendered":"<div class=\"aligncenter wp-block-site-logo\"><a href=\"https:\/\/aofyol.com\/en\/\" class=\"custom-logo-link\" rel=\"home\"><img loading=\"lazy\" decoding=\"async\" width=\"68\" height=\"48\" src=\"https:\/\/aofyol.com\/wp-content\/uploads\/2026\/01\/cropped-kucuk-logo.png\" class=\"custom-logo\" alt=\"\u00c7\u0131km\u0131\u015f Sorular &#8211; Auzef &#8211; A\u00d6F &#8211; ATA A\u00d6F &#8211;\" srcset=\"https:\/\/aofyol.com\/wp-content\/uploads\/2026\/01\/cropped-kucuk-logo.png 151w, https:\/\/aofyol.com\/wp-content\/uploads\/2026\/01\/cropped-kucuk-logo-130x90.png 130w\" sizes=\"auto, (max-width: 68px) 100vw, 68px\" \/><\/a><\/div>\n\n    <div class=\"wp-block-bplugins-custom-html\" id='bPluginsCustomHtml-1'>\n    <div class=\"lesson-card\">\n  <h2>\ud83d\udcd8 AUZEF Co\u011frafya Dersleri<\/h2>\n\n  <!-- 1. S\u0131n\u0131f \u2013 G\u00fcz -->\n  <div class=\"term\">\n    <h3>\ud83c\udf93 1. S\u0131n\u0131f \u2013 G\u00fcz D\u00f6nemi<\/h3>\n    <div class=\"lesson-list\">\n      <a href=\"#\" class=\"lesson-btn\">A.\u0130. ve \u0130nk. Tarihi\u20111<\/a>\n      <a href=\"#\" class=\"lesson-btn\">Be\u015feri Co\u011frafyaya Giri\u015f<\/a>\n      <a href=\"#\" class=\"lesson-btn\">Ekonomik Co\u011frafyaya Giri\u015f<\/a>\n      <a href=\"#\" class=\"lesson-btn\">Co\u011frafya: Ge\u00e7mi\u015f Kavramlar \u2013 Co\u011frafyac\u0131lar<\/a>\n      <a href=\"#\" class=\"lesson-btn\">T\u00fcrk Dili\u20111<\/a>\n      <a href=\"#\" class=\"lesson-btn\">Yabanc\u0131 Dil\u20111<\/a>\n      <a href=\"#\" class=\"lesson-btn\">Yer Sistemleri<\/a>\n    <\/div>\n  <\/div>\n\n  <!-- 1. S\u0131n\u0131f \u2013 Bahar -->\n  <div class=\"term\">\n    <h3>\ud83c\udf93 1. S\u0131n\u0131f \u2013 Bahar D\u00f6nemi<\/h3>\n    <div class=\"lesson-list\">\n      <a href=\"#\" class=\"lesson-btn\">A.\u0130. ve \u0130nk. Tarihi\u20112<\/a>\n      <a href=\"#\" class=\"lesson-btn\">B\u00f6lgesel Co\u011frafyaya Giri\u015f<\/a>\n      <a href=\"#\" class=\"lesson-btn\">Ekonomik Faaliyetler<\/a>\n      <a href=\"#\" class=\"lesson-btn\">Fiziki Co\u011frafyaya Giri\u015f<\/a>\n      <a href=\"#\" class=\"lesson-btn\">K\u00fclt\u00fcrel Co\u011frafya: \u0130nsan \u2013 K\u00fclt\u00fcr \u2013 Mekan<\/a>\n      <a href=\"#\" class=\"lesson-btn\">T\u00fcrk Dili\u20112<\/a>\n      <a href=\"#\" class=\"lesson-btn\">Yabanc\u0131 Dil\u20112<\/a>\n    <\/div>\n  <\/div>\n\n  <!-- 2. S\u0131n\u0131f \u2013 G\u00fcz -->\n  <div class=\"term\">\n    <h3>\ud83c\udf93 2. S\u0131n\u0131f \u2013 G\u00fcz D\u00f6nemi<\/h3>\n    <div class=\"lesson-list\">\n      <a href=\"#\" class=\"lesson-btn\">Co\u011frafi Bilgi Sistemleri<\/a>\n      <a href=\"#\" class=\"lesson-btn\">D\u00fcnya B\u00f6lgeleri: Avrupa<\/a>\n      <a href=\"#\" class=\"lesson-btn\">Harita Bilgisi<\/a>\n      <a href=\"#\" class=\"lesson-btn\">Jeomorfoloji<\/a>\n      <a href=\"#\" class=\"lesson-btn\">Klimatoloji (Atmosfer ve S\u0131cakl\u0131k)<\/a>\n      <a href=\"#\" class=\"lesson-btn\">T\u00fcrkiye K\u0131y\u0131 B\u00f6lgeleri<\/a>\n    <\/div>\n  <\/div>\n\n  <!-- 2. S\u0131n\u0131f \u2013 Bahar -->\n  <div class=\"term\">\n    <h3>\ud83c\udf93 2. S\u0131n\u0131f \u2013 Bahar D\u00f6nemi<\/h3>\n    <div class=\"lesson-list\">\n      <a href=\"#\" class=\"lesson-btn\">Hidrografya<\/a>\n      <a href=\"#\" class=\"lesson-btn\">K\u0131rsal Co\u011frafya<\/a>\n      <a href=\"#\" class=\"lesson-btn\">Klimatoloji (Bas\u0131n\u00e7, R\u00fczgar, Nem)<\/a>\n      <a href=\"#\" class=\"lesson-btn\">Tar\u0131m Co\u011frafyas\u0131<\/a>\n      <a href=\"#\" class=\"lesson-btn\">Toprak Co\u011frafyas\u0131<\/a>\n      <a href=\"#\" class=\"lesson-btn\">Ula\u015f\u0131m Co\u011frafyas\u0131<\/a>\n    <\/div>\n  <\/div>\n\n  <!-- 3. S\u0131n\u0131f \u2013 G\u00fcz -->\n  <div class=\"term\">\n    <h3>\ud83c\udf93 3. S\u0131n\u0131f \u2013 G\u00fcz D\u00f6nemi<\/h3>\n    <div class=\"lesson-list\">\n      <a href=\"#\" class=\"lesson-btn\">D\u00fcnya B\u00f6lgeleri: Kuzey Amerika<\/a>\n      <a href=\"#\" class=\"lesson-btn\">Ekosistem Co\u011frafyas\u0131<\/a>\n      <a href=\"#\" class=\"lesson-btn\">\u015eehir Co\u011frafyas\u0131<\/a>\n      <a href=\"#\" class=\"lesson-btn\">Turizm Co\u011frafyas\u0131<\/a>\n      <a href=\"#\" class=\"lesson-btn\">T\u00fcrkiye \u0130\u00e7 B\u00f6lgeleri<\/a>\n      <a href=\"#\" class=\"lesson-btn\">Uzaktan Alg\u0131lama<\/a>\n    <\/div>\n  <\/div>\n\n  <!-- 3. S\u0131n\u0131f \u2013 Bahar -->\n  <div class=\"term\">\n    <h3>\ud83c\udf93 3. S\u0131n\u0131f \u2013 Bahar D\u00f6nemi<\/h3>\n    <div class=\"lesson-list\">\n      <a href=\"#\" class=\"lesson-btn\">Bitki Co\u011frafyas\u0131<\/a>\n      <a href=\"#\" class=\"lesson-btn\">D\u00fcnya B\u00f6lgeleri: Afrika<\/a>\n      <a href=\"#\" class=\"lesson-btn\">Sanayi Co\u011frafyas\u0131<\/a>\n      <a href=\"#\" class=\"lesson-btn\">Tarihi Co\u011frafya<\/a>\n      <a href=\"#\" class=\"lesson-btn\">Topografyalar<\/a>\n      <a href=\"#\" class=\"lesson-btn\">T\u00fcrkiye Tar\u0131m Co\u011frafyas\u0131<\/a>\n    <\/div>\n  <\/div>\n\n  <!-- 4. S\u0131n\u0131f \u2013 G\u00fcz -->\n  <div class=\"term\">\n    <h3>\ud83c\udf93 4. S\u0131n\u0131f \u2013 G\u00fcz D\u00f6nemi<\/h3>\n    <div class=\"lesson-list\">\n      <a href=\"#\" class=\"lesson-btn\">\u00c7evre Sorunlar\u0131<\/a>\n      <a href=\"#\" class=\"lesson-btn\">D\u00fcnya B\u00f6lgeleri: Ortado\u011fu<\/a>\n      <a href=\"#\" class=\"lesson-btn\">Enerji ve Alternatif Enerji Kaynaklar\u0131<\/a>\n      <a href=\"#\" class=\"lesson-btn\">Kuaterner Co\u011frafyas\u0131<\/a>\n      <a href=\"#\" class=\"lesson-btn\">K\u00fcresel \u0130klim De\u011fi\u015fikli\u011fi ve Atmosferik Afetler<\/a>\n      <a href=\"#\" class=\"lesson-btn\">Siyasi Co\u011frafya<\/a>\n    <\/div>\n  <\/div>\n\n  <!-- 4. S\u0131n\u0131f \u2013 Bahar -->\n  <div class=\"term\">\n    <h3>\ud83c\udf93 4. S\u0131n\u0131f \u2013 Bahar D\u00f6nemi<\/h3>\n    <div class=\"lesson-list\">\n      <a href=\"#\" class=\"lesson-btn\">Afetler Co\u011frafyas\u0131<\/a>\n      <a href=\"#\" class=\"lesson-btn\">Antropojenik Jeomorfoloji<\/a>\n      <a href=\"#\" class=\"lesson-btn\">D\u00fcnya B\u00f6lgeleri: Orta Asya, Rusya ve Kafkaslar<\/a>\n      <a href=\"#\" class=\"lesson-btn\">T\u00fcrkiye Be\u015feri Co\u011frafyas\u0131<\/a>\n      <a href=\"#\" class=\"lesson-btn\">T\u00fcrkiye Fiziki Co\u011frafyas\u0131<\/a>\n      <a href=\"#\" class=\"lesson-btn\">T\u00fcrkiye\u2019nin Ekolojik B\u00f6lgeleri<\/a>\n    <\/div>\n  <\/div>\n\n<\/div>\n\n<style>\n.lesson-card{\n  max-width:900px;\n  margin:40px auto;\n  padding:25px;\n  background:#f3f4f6;\n  border-radius:12px;\n  border:1px solid #d1d5db;\n}\n\n.term{\n  margin-bottom:25px;\n}\n\n.term h3{\n  margin-bottom:12px;\n  font-size:18px;\n  color:#111827;\n}\n\n.lesson-list{\n  display:flex;\n  flex-wrap:wrap;\n  gap:10px;\n}\n\n.lesson-list a{\n  padding:10px 15px;\n  background:#0071e3;\n  color:#fff;\n  text-decoration:none;\n  border-radius:8px;\n}\n<\/style>    <\/div>","protected":false},"excerpt":{"rendered":"","protected":false},"author":1,"featured_media":0,"parent":0,"menu_order":0,"comment_status":"closed","ping_status":"closed","template":"","meta":{"om_disable_all_campaigns":false,"_monsterinsights_skip_tracking":false,"_monsterinsights_sitenote_active":false,"_monsterinsights_sitenote_note":"","_monsterinsights_sitenote_category":0,"footnotes":""},"class_list":["post-620","page","type-page","status-publish","hentry"],"aioseo_notices":[],"_hostinger_reach_plugin_has_subscription_block":false,"_hostinger_reach_plugin_is_elementor":false,"_links":{"self":[{"href":"https:\/\/aofyol.com\/en\/wp-json\/wp\/v2\/pages\/620","targetHints":{"allow":["GET"]}}],"collection":[{"href":"https:\/\/aofyol.com\/en\/wp-json\/wp\/v2\/pages"}],"about":[{"href":"https:\/\/aofyol.com\/en\/wp-json\/wp\/v2\/types\/page"}],"author":[{"embeddable":true,"href":"https:\/\/aofyol.com\/en\/wp-json\/wp\/v2\/users\/1"}],"replies":[{"embeddable":true,"href":"https:\/\/aofyol.com\/en\/wp-json\/wp\/v2\/comments?post=620"}],"version-history":[{"count":1,"href":"https:\/\/aofyol.com\/en\/wp-json\/wp\/v2\/pages\/620\/revisions"}],"predecessor-version":[{"id":621,"href":"https:\/\/aofyol.com\/en\/wp-json\/wp\/v2\/pages\/620\/revisions\/621"}],"wp:attachment":[{"href":"https:\/\/aofyol.com\/en\/wp-json\/wp\/v2\/media?parent=620"}],"curies":[{"name":"wp","href":"https:\/\/api.w.org\/{rel}","templated":true}]}}