{"id":722,"date":"2026-03-29T14:35:56","date_gmt":"2026-03-29T14:35:56","guid":{"rendered":"https:\/\/aofyol.com\/?page_id=722"},"modified":"2026-04-05T14:24:17","modified_gmt":"2026-04-05T14:24:17","slug":"anatomi-2024-2025-vize-cikmis-sorular","status":"publish","type":"page","link":"https:\/\/aofyol.com\/en\/anatomi\/anatomi-2024-2025-vize-cikmis-sorular\/","title":{"rendered":"Anatomi 2024\u20112025 Vize \u00c7\u0131km\u0131\u015f Sorular"},"content":{"rendered":"<div class=\"aligncenter wp-block-site-logo\"><a href=\"https:\/\/aofyol.com\/en\/\" class=\"custom-logo-link\" rel=\"home\"><img loading=\"lazy\" decoding=\"async\" width=\"74\" height=\"52\" src=\"https:\/\/aofyol.com\/wp-content\/uploads\/2026\/01\/cropped-kucuk-logo.png\" class=\"custom-logo\" alt=\"\u00c7\u0131km\u0131\u015f Sorular &#8211; Auzef &#8211; A\u00d6F &#8211; ATA A\u00d6F &#8211;\" srcset=\"https:\/\/aofyol.com\/wp-content\/uploads\/2026\/01\/cropped-kucuk-logo.png 151w, https:\/\/aofyol.com\/wp-content\/uploads\/2026\/01\/cropped-kucuk-logo-130x90.png 130w\" sizes=\"auto, (max-width: 74px) 100vw, 74px\" \/><\/a><\/div>\n\n    <div class=\"wp-block-bplugins-custom-html\" id='bPluginsCustomHtml-1'>\n    <div class=\"test-container info-section\">\n  <h1>Anatomi 2024\u20112025 Vize<\/h1>\n  <p>Bu mini testi \u00e7\u00f6z, puan\u0131n\u0131 g\u00f6r ve <strong>t\u00fcm Anatomi PDF ar\u015fivine<\/strong> ula\u015f!<\/p>\n\n  <!-- SORULAR BA\u015eLANGICI -->\n  <div class=\"question-card\" data-answer=\"E\">\n    <p><strong>1. A\u015fa\u011f\u0131daki kaslardan hangisi alt ekstremiteden \u00fcst ekstremiteye kadar uzanarak, kola ekstansiyon yapt\u0131r\u0131r ve g\u00f6vdeyi yukar\u0131 kald\u0131r\u0131r?<\/strong><\/p>\n    <div class=\"options\">\n      <button>A) M. rectus abdominis<\/button>\n      <button>B) M. biceps brachii<\/button>\n      <button>C) M. pectoralis major<\/button>\n      <button>D) M. erector spinae<\/button>\n      <button>E) M. latissimus dorsi<\/button>\n    <\/div>\n    <p class=\"feedback\"><\/p>\n  <\/div>\n\n  <div class=\"question-card\" data-answer=\"B\">\n    <p><strong>2. Omuz eklemi i\u00e7inden ge\u00e7en, kola ve \u00f6n kola fleksiyon yapt\u0131ran kas hangisidir?<\/strong><\/p>\n    <div class=\"options\">\n      <button>A) M. coracobrachialis<\/button>\n      <button>B) M. biceps brachii<\/button>\n      <button>C) M. supraspinatus<\/button>\n      <button>D) M. brachialis<\/button>\n      <button>E) M. triceps brachii<\/button>\n    <\/div>\n    <p class=\"feedback\"><\/p>\n  <\/div>\n\n  <div class=\"question-card\" data-answer=\"C\">\n    <p><strong>3. Akci\u011ferleri \u00f6rten zara ne ad verilir?<\/strong><\/p>\n    <div class=\"options\">\n      <button>A) Periton<\/button>\n      <button>B) Perikard<\/button>\n      <button>C) Plevra<\/button>\n      <button>D) Pia mater<\/button>\n      <button>E) Periosteum<\/button>\n    <\/div>\n    <p class=\"feedback\"><\/p>\n  <\/div>\n\n  <div class=\"question-card\" data-answer=\"A\">\n    <p><strong>4. A\u015fa\u011f\u0131daki kar\u0131n i\u00e7i organlardan hangisi diyafram\u0131n alt\u0131nda sa\u011f tarafta yer al\u0131r?<\/strong><\/p>\n    <div class=\"options\">\n      <button>A) Karaci\u011fer<\/button>\n      <button>B) Yemek borusu<\/button>\n      <button>C) \u0130nen kolon<\/button>\n      <button>D) Mide<\/button>\n      <button>E) Yatay kolon<\/button>\n    <\/div>\n    <p class=\"feedback\"><\/p>\n  <\/div>\n\n  <div class=\"question-card\" data-answer=\"C\">\n    <p><strong>5. A\u015fa\u011f\u0131dakilerden hangisi kal\u0131n ba\u011f\u0131rsak b\u00f6l\u00fcmlerinden de\u011fildir?<\/strong><\/p>\n    <div class=\"options\">\n      <button>A) \u0130nen kolon<\/button>\n      <button>B) Yatay kolon<\/button>\n      <button>C) Duodenum<\/button>\n      <button>D) Caecum<\/button>\n      <button>E) \u00c7\u0131kan kolon<\/button>\n    <\/div>\n    <p class=\"feedback\"><\/p>\n  <\/div>\n\n  <div class=\"question-card\" data-answer=\"E\">\n    <p><strong>6. \u2018\u2019Adem elmas\u0131\u2019\u2019 olarak bilinen larynx k\u0131k\u0131rda\u011f\u0131 hangisidir?<\/strong><\/p>\n    <div class=\"options\">\n      <button>A) Cartilago corniculata<\/button>\n      <button>B) Cartilago cricoidea<\/button>\n      <button>C) Cartilago epiglottica<\/button>\n      <button>D) Cartilago arytenoidea<\/button>\n      <button>E) Cartilago thyroidea<\/button>\n    <\/div>\n    <p class=\"feedback\"><\/p>\n  <\/div>\n\n  <div class=\"question-card\" data-answer=\"B\">\n    <p><strong>7. Sagittal d\u00fczlemde eklem kollar\u0131 aras\u0131ndaki a\u00e7\u0131n\u0131n artmas\u0131 hareketi ne adland\u0131r\u0131l\u0131r?<\/strong><\/p>\n    <div class=\"options\">\n      <button>A) Abduksiyon<\/button>\n      <button>B) Ekstansiyon<\/button>\n      <button>C) Fleksiyon<\/button>\n      <button>D) Adduksiyon<\/button>\n      <button>E) Rotasyon<\/button>\n    <\/div>\n    <p class=\"feedback\"><\/p>\n  <\/div>\n\n  <div class=\"question-card\" data-answer=\"D\">\n    <p><strong>8. \u00d6n kol yap\u0131s\u0131na kat\u0131lan kemikler hangileridir?<\/strong><\/p>\n    <div class=\"options\">\n      <button>A) Humerus<\/button>\n      <button>B) Os coxae<\/button>\n      <button>C) Sternum<\/button>\n      <button>D) Radius\u2011ulna<\/button>\n      <button>E) Scapula\u2011clavicula<\/button>\n    <\/div>\n    <p class=\"feedback\"><\/p>\n  <\/div>\n\n  <div class=\"question-card\" data-answer=\"D\">\n    <p><strong>9. Kas\u0131n istirahat halindeki gerginli\u011fine ne ad verilir?<\/strong><\/p>\n    <div class=\"options\">\n      <button>A) \u0130zometrik<\/button>\n      <button>B) Konsantrik<\/button>\n      <button>C) \u0130zokinetik<\/button>\n      <button>D) Tonus<\/button>\n      <button>E) Eksantrik<\/button>\n    <\/div>\n    <p class=\"feedback\"><\/p>\n  <\/div>\n\n  <div class=\"question-card\" data-answer=\"A\">\n    <p><strong>10. Yere paralel ge\u00e7en ve v\u00fccudu \u00fcst\u2011alt ay\u0131ran d\u00fczleme ne ad verilir?<\/strong><\/p>\n    <div class=\"options\">\n      <button>A) Planum horizontale<\/button>\n      <button>B) Planum sagittale<\/button>\n      <button>C) Planum medianum<\/button>\n      <button>D) Planum mediale<\/button>\n      <button>E) Planum coronale<\/button>\n    <\/div>\n    <p class=\"feedback\"><\/p>\n  <\/div>\n\n  <div class=\"question-card\" data-answer=\"A\">\n    <p><strong>11. Alt solunum yollar\u0131na ait yap\u0131 hangisidir?<\/strong><\/p>\n    <div class=\"options\">\n      <button>A) Trachea<\/button>\n      <button>B) Paranasal sin\u00fcsler<\/button>\n      <button>C) Nazofarenks<\/button>\n      <button>D) Burun<\/button>\n      <button>E) A\u011f\u0131z<\/button>\n    <\/div>\n    <p class=\"feedback\"><\/p>\n  <\/div>\n\n  <div class=\"question-card\" data-answer=\"E\">\n    <p><strong>12. Solunum sisteminin i\u015flevsel en k\u00fc\u00e7\u00fck birimi nedir?<\/strong><\/p>\n    <div class=\"options\">\n      <button>A) Burun<\/button>\n      <button>B) Trachea<\/button>\n      <button>C) A\u011f\u0131z<\/button>\n      <button>D) Akci\u011ferler<\/button>\n      <button>E) Alveol yap\u0131s\u0131<\/button>\n    <\/div>\n    <p class=\"feedback\"><\/p>\n  <\/div>\n\n  <div class=\"question-card\" data-answer=\"B\">\n    <p><strong>13. Mide mukozas\u0131nda inflamasyonla giden patolojiye ne denir?<\/strong><\/p>\n    <div class=\"options\">\n      <button>A) Refl\u00fc<\/button>\n      <button>B) Gastrit<\/button>\n      <button>C) Polip<\/button>\n      <button>D) F\u0131t\u0131k<\/button>\n      <button>E) \u00dclser<\/button>\n    <\/div>\n    <p class=\"feedback\"><\/p>\n  <\/div>\n\n  <div class=\"question-card\" data-answer=\"C\">\n    <p><strong>14. En b\u00fcy\u00fck paranasal sin\u00fcs hangisidir?<\/strong><\/p>\n    <div class=\"options\">\n      <button>A) Sinus ethmoidalis<\/button>\n      <button>B) Sinus frontalis<\/button>\n      <button>C) Sinus maxillaris<\/button>\n      <button>D) Sinus sphenoidalis<\/button>\n      <button>E) Sinus cavernosus<\/button>\n    <\/div>\n    <p class=\"feedback\"><\/p>\n  <\/div>\n\n  <div class=\"question-card\" data-answer=\"E\">\n    <p><strong>15. \u0130ns\u00fclin ve glukagon gibi hormonlar\u0131 \u00fcreten organ hangisidir?<\/strong><\/p>\n    <div class=\"options\">\n      <button>A) Beyin<\/button>\n      <button>B) Karaci\u011fer<\/button>\n      <button>C) B\u00f6brek<\/button>\n      <button>D) Mide<\/button>\n      <button>E) Pankreas<\/button>\n    <\/div>\n    <p class=\"feedback\"><\/p>\n  <\/div>\n\n  <div class=\"question-card\" data-answer=\"B\">\n    <p><strong>16. A\u015fa\u011f\u0131daki burnun yap\u0131s\u0131na ait de\u011fildir?<\/strong><\/p>\n    <div class=\"options\">\n      <button>A) Septum nasi<\/button>\n      <button>B) Palatum durum<\/button>\n      <button>C) Ala nasi<\/button>\n      <button>D) Cartilago alaris major<\/button>\n      <button>E) Cartilago septi nasi<\/button>\n    <\/div>\n    <p class=\"feedback\"><\/p>\n  <\/div>\n\n  <div class=\"question-card\" data-answer=\"D\">\n    <p><strong>17. A\u015fa\u011f\u0131dakilerden hangisi k\u0131k\u0131rdak yap\u0131s\u0131nda de\u011fildir?<\/strong><\/p>\n    <div class=\"options\">\n      <button>A) Cartilago thyroidea<\/button>\n      <button>B) Cartilago cricoidea<\/button>\n      <button>C) Cartilago arytenoidea<\/button>\n      <button>D) Periosteum<\/button>\n      <button>E) Cartilago corniculata<\/button>\n    <\/div>\n    <p class=\"feedback\"><\/p>\n  <\/div>\n\n  <div class=\"question-card\" data-answer=\"E\">\n    <p><strong>18. A\u015fa\u011f\u0131dakilerden hangisi g\u00f6z k\u00fcresinin duyu siniridir?<\/strong><\/p>\n    <div class=\"options\">\n      <button>A) Fazialis<\/button>\n      <button>B) Glossopharyngeus<\/button>\n      <button>C) Vagus<\/button>\n      <button>D) Accessorius<\/button>\n      <button>E) Optik sinir<\/button>\n    <\/div>\n    <p class=\"feedback\"><\/p>\n  <\/div>\n\n  <div class=\"question-card\" data-answer=\"D\">\n    <p><strong>19. A\u015fa\u011f\u0131daki sinirlerden hangisi duyu ve motor siniridir?<\/strong><\/p>\n    <div class=\"options\">\n      <button>A) Olfaktorius<\/button>\n      <button>B) Optik<\/button>\n      <button>C) Vestibulocochlear<\/button>\n      <button>D) Fazialis<\/button>\n      <button>E) Trigeminus<\/button>\n    <\/div>\n    <p class=\"feedback\"><\/p>\n  <\/div>\n\n  <div class=\"question-card\" data-answer=\"B\">\n    <p><strong>20. A\u015fa\u011f\u0131dakilerden hangisi \u00fcst ekstremite kemiklerindendir?<\/strong><\/p>\n    <div class=\"options\">\n      <button>A) Os coxae<\/button>\n      <button>B) Radius<\/button>\n      <button>C) Fibula<\/button>\n      <button>D) Tibia<\/button>\n      <button>E) Patella<\/button>\n    <\/div>\n    <p class=\"feedback\"><\/p>\n  <\/div>\n\n  <!-- SONU\u00c7 -->\n  <div id=\"result\" style=\"display:none; text-align:center; margin-top:30px;\">\n    <h2>Puan\u0131n: <span id=\"score\"><\/span>\/20<\/h2>\n    \n    <p>Tebrikler! Mini testi tamamlad\u0131n \ud83c\udf89<\/p>\n    <p> <\/p>\n    <a href=\"https:\/\/aofyol.com\/en\/pdf-havuzu\/\" class=\"pdf-btn\" target=\"_blank\">T\u00fcm PDF\u2019leri G\u00f6r<\/a>\n  <\/div>\n\n  <h2>\ud83d\udd17 Di\u011fer \u00c7\u0131km\u0131\u015f Sorular<\/h2>\n  <div class=\"other-tests-buttons\">\n    <a href=\"https:\/\/aofyol.com\/en\/auzef-cikmis-sorular-pdf\/\" class=\"test-btn\">T\u00fcm \u00c7\u0131km\u0131\u015f Sorular\u0131<\/a>\n    <a href=\"https:\/\/aofyol.com\/en\/auzef-cocuk-gelisimi-on-lisans\/\" class=\"test-btn\">\u00c7ocuk Geli\u015fimi Sorular\u0131<\/a>\n    <a href=\"https:\/\/aofyol.com\/en\/auzef-sosyal-hizmetler-on-lisans-lisans\/\" class=\"test-btn\">Sosyal Hizmetler Sorular\u0131<\/a>\n  <\/div>\n<\/div>\n\n<style>\n\/* CSS ayn\u0131 verdi\u011fin tasar\u0131m *\/\n.test-container {\n  max-width: 800px;\n  margin: 30px auto;\n  padding: 30px;\n  background: #f3f4f6;\n  border-radius: 14px;\n  border: 1px solid #d1d5db;\n  box-shadow: 0 6px 18px rgba(0,0,0,0.08);\n  font-family:-apple-system,BlinkMacSystemFont,\"Segoe UI\",Roboto,Arial,sans-serif;\n}\n.test-container h1, .test-container h2 { text-align:center; color:#111827; }\n.question-card {\n  background:#fff; border-radius:12px; padding:20px; margin-bottom:20px; box-shadow:0 4px 8px rgba(0,0,0,0.1);\n}\n.options button {\n  margin:5px; padding:10px 15px; border:none; border-radius:8px;\n  background:#2196F3; color:#fff; font-weight:bold; cursor:pointer;\n}\n.options button:hover { background:#1976D2; }\n.correct { background:#4CAF50 !important; color:#fff; }\n.wrong { background:#F44336 !important; color:#fff; }\n.feedback { margin-top:10px; font-weight:bold; text-align:center; }\n.pdf-btn {\n  padding:15px 25px; background:#FF9800; color:#fff; border-radius:10px; text-decoration:none;\n}\n.other-tests-buttons { display:flex; flex-wrap:wrap; gap:15px; justify-content:center; margin-top:15px; }\n.test-btn {\n  flex:1 1 calc(33% - 10px); background:#2196F3; color:#fff; padding:15px;\n  text-align:center; border-radius:10px; text-decoration:none;\n}\n.test-btn:hover { background:#1976D2; }\n<\/style>\n\n<script>\nlet score = 0;\ndocument.querySelectorAll('.question-card').forEach(card => {\n  const buttons = card.querySelectorAll('button');\n  const answer = card.dataset.answer;\n  const feedback = card.querySelector('.feedback');\n\n  buttons.forEach(btn => btn.addEventListener('click', () => {\n    if (card.classList.contains('answered')) return;\n    if (btn.textContent.startsWith(answer)) {\n      btn.classList.add('correct'); feedback.textContent=\"Do\u011fru \u2714\ufe0f\"; score++;\n    } else { btn.classList.add('wrong'); feedback.textContent=\"Yanl\u0131\u015f \u274c Do\u011fru: \"+answer; }\n    card.classList.add('answered');\n    if (document.querySelectorAll('.answered').length === 20) {\n      document.getElementById('score').textContent=score;\n      document.getElementById('result').style.display='block';\n    }\n  }));\n});\n<\/script>    <\/div>\n    \n\n\n<p><\/p>","protected":false},"excerpt":{"rendered":"","protected":false},"author":1,"featured_media":0,"parent":346,"menu_order":0,"comment_status":"closed","ping_status":"closed","template":"","meta":{"om_disable_all_campaigns":false,"_monsterinsights_skip_tracking":false,"_monsterinsights_sitenote_active":false,"_monsterinsights_sitenote_note":"","_monsterinsights_sitenote_category":0,"footnotes":""},"class_list":["post-722","page","type-page","status-publish","hentry"],"aioseo_notices":[],"_hostinger_reach_plugin_has_subscription_block":false,"_hostinger_reach_plugin_is_elementor":false,"_links":{"self":[{"href":"https:\/\/aofyol.com\/en\/wp-json\/wp\/v2\/pages\/722","targetHints":{"allow":["GET"]}}],"collection":[{"href":"https:\/\/aofyol.com\/en\/wp-json\/wp\/v2\/pages"}],"about":[{"href":"https:\/\/aofyol.com\/en\/wp-json\/wp\/v2\/types\/page"}],"author":[{"embeddable":true,"href":"https:\/\/aofyol.com\/en\/wp-json\/wp\/v2\/users\/1"}],"replies":[{"embeddable":true,"href":"https:\/\/aofyol.com\/en\/wp-json\/wp\/v2\/comments?post=722"}],"version-history":[{"count":5,"href":"https:\/\/aofyol.com\/en\/wp-json\/wp\/v2\/pages\/722\/revisions"}],"predecessor-version":[{"id":777,"href":"https:\/\/aofyol.com\/en\/wp-json\/wp\/v2\/pages\/722\/revisions\/777"}],"up":[{"embeddable":true,"href":"https:\/\/aofyol.com\/en\/wp-json\/wp\/v2\/pages\/346"}],"wp:attachment":[{"href":"https:\/\/aofyol.com\/en\/wp-json\/wp\/v2\/media?parent=722"}],"curies":[{"name":"wp","href":"https:\/\/api.w.org\/{rel}","templated":true}]}}