{"id":761,"date":"2026-03-30T09:46:45","date_gmt":"2026-03-30T09:46:45","guid":{"rendered":"https:\/\/aofyol.com\/?page_id=761"},"modified":"2026-03-30T09:46:48","modified_gmt":"2026-03-30T09:46:48","slug":"ataturk-ilkeleri-ve-inkilap-tarihi-1-cikmis-sorular","status":"publish","type":"page","link":"https:\/\/aofyol.com\/en\/ataturk-ilkeleri-ve-inkilap-tarihi-1-cikmis-sorular\/","title":{"rendered":"Atat\u00fcrk \u0130lkeleri ve \u0130nkilap Tarihi 1 \u00c7\u0131km\u0131\u015f Sorular"},"content":{"rendered":"<div class=\"aligncenter wp-block-site-logo\"><a href=\"https:\/\/aofyol.com\/en\/\" class=\"custom-logo-link\" rel=\"home\"><img loading=\"lazy\" decoding=\"async\" width=\"78\" height=\"55\" src=\"https:\/\/aofyol.com\/wp-content\/uploads\/2026\/01\/cropped-kucuk-logo.png\" class=\"custom-logo\" alt=\"\u00c7\u0131km\u0131\u015f Sorular &#8211; Auzef &#8211; A\u00d6F &#8211; ATA A\u00d6F &#8211;\" srcset=\"https:\/\/aofyol.com\/wp-content\/uploads\/2026\/01\/cropped-kucuk-logo.png 151w, https:\/\/aofyol.com\/wp-content\/uploads\/2026\/01\/cropped-kucuk-logo-130x90.png 130w\" sizes=\"auto, (max-width: 78px) 100vw, 78px\" \/><\/a><\/div>\n\n    <div class=\"wp-block-bplugins-custom-html\" id='bPluginsCustomHtml-1'>\n    <div class=\"info-section\">\n  <h2>\ud83d\udcd8 AUZEF Atat\u00fcrk \u0130lkeleri ve \u0130nkilap Tarihi 1 \u00c7\u0131km\u0131\u015f Sorular<\/h2>\n  <p>\n    AUZEF Atat\u00fcrk \u0130lkeleri ve \u0130nkilap Tarihi 1 dersine ait vize, final ve b\u00fct\u00fcnleme \u00e7\u0131km\u0131\u015f sorular\u0131n\u0131 y\u0131llara g\u00f6re a\u015fa\u011f\u0131dan inceleyebilirsiniz. \n    T\u0131klay\u0131nca ilgili sayfaya y\u00f6nlendirilirsiniz.\n  <\/p>\n\n  <!-- 2025 Y\u0131l\u0131 -->\n  <h3>\ud83d\udcc5 2025 Y\u0131l\u0131 \u00c7\u0131km\u0131\u015f Sorular<\/h3>\n  <div class=\"button-group\">\n    <a class=\"btn\" href=\"\/en\/Atat\u00fcrk \u0130lkeleri ve \u0130nkilap Tarihi 1\/anatomi-vize-2025\/\">Vize 2025<\/a>\n    <a class=\"btn\" href=\"\/en\/aAtat\u00fcrk \u0130lkeleri ve \u0130nkilap Tarihi 1-final-2025\/\">Final 2025<\/a>\n    <a class=\"btn\" href=\"\/en\/Atat\u00fcrk \u0130lkeleri ve \u0130nkilap Tarihi 1\/\">B\u00fct\u00fcnleme 2025<\/a>\n  <\/div>\n\n  <!-- 2024 Y\u0131l\u0131 -->\n  <h3>\ud83d\udcc5 2024 Y\u0131l\u0131 \u00c7\u0131km\u0131\u015f Sorular<\/h3>\n  <div class=\"button-group\">\n    <a class=\"btn\" href=\"\/en\/Atat\u00fcrk \u0130lkeleri ve \u0130nkilap Tarihi 1\/\">Vize 2024<\/a>\n    <a class=\"btn\" href=\"\/en\/Atat\u00fcrk \u0130lkeleri ve \u0130nkilap Tarihi 1\/\">Final 2024<\/a>\n    <a class=\"btn\" href=\"\/en\/Atat\u00fcrk \u0130lkeleri ve \u0130nkilap Tarihi 1\/\">B\u00fct\u00fcnleme 2024<\/a>\n  <\/div>\n\n  <!-- 2023 Y\u0131l\u0131 -->\n  <h3>\ud83d\udcc5 2023 Y\u0131l\u0131 \u00c7\u0131km\u0131\u015f Sorular<\/h3>\n  <div class=\"button-group\">\n    <a class=\"btn\" href=\"\/en\/Atat\u00fcrk \u0130lkeleri ve \u0130nkilap Tarihi 1\/\">Vize 2023<\/a>\n    <a class=\"btn\" href=\"\/en\/aAtat\u00fcrk \u0130lkeleri ve \u0130nkilap Tarihi 1\/\">Final 2023<\/a>\n    <a class=\"btn\" href=\"\/en\/Atat\u00fcrk \u0130lkeleri ve \u0130nkilap Tarihi 1\/\">B\u00fct\u00fcnleme 2023<\/a>\n  <\/div>\n\n  <h3>Nas\u0131l Kullan\u0131l\u0131r?<\/h3>\n  <ul>\n    <li>\u0130lgili y\u0131l ve s\u0131nav butonuna t\u0131klayarak sorular\u0131 g\u00f6r\u00fcnt\u00fcleyin<\/li>\n    <li>PDF veya sayfa format\u0131nda sorular\u0131 inceleyin<\/li>\n    <li>\u00c7\u0131km\u0131\u015f sorular \u00fczerinden s\u0131nav haz\u0131rl\u0131\u011f\u0131n\u0131z\u0131 g\u00fc\u00e7lendirin<\/li>\n  <\/ul>\n\n  <h3>\u00d6nemli Bilgiler<\/h3>\n  <ul>\n    <li>Sorular AUZEF resmi \u00e7\u0131km\u0131\u015f s\u0131nav sorular\u0131d\u0131r<\/li>\n    <li>Her y\u0131l\u0131n vize, final ve b\u00fct\u00fcnleme sorular\u0131 ayr\u0131 kategorilendirilmi\u015ftir<\/li>\n    <li>PDF indirme linkleri her sorunun yan\u0131nda sunulmu\u015ftur<\/li>\n    <li>S\u0131nav haz\u0131rl\u0131\u011f\u0131nda bu listeyi d\u00fczenli kullanman\u0131z tavsiye edilir<\/li>\n  <\/ul>\n<\/div>\n\n<style>\n.info-section {\n  max-width:700px;\n  margin:25px auto;\n  padding:25px;\n  background:#f3f4f6;\n  border-radius:12px;\n  border:1px solid #d1d5db;\n  box-shadow:0 5px 15px rgba(0,0,0,0.07);\n  font-family:-apple-system,BlinkMacSystemFont,\"Segoe UI\",Roboto,Arial,sans-serif;\n}\n\n.info-section h2{\n  margin-bottom:15px;\n  font-size:24px;\n  color:#111827;\n  text-align:center;\n  font-weight:600;\n}\n\n.info-section h3{\n  margin-top:18px;\n  margin-bottom:10px;\n  font-size:18px;\n  color:#111827;\n  font-weight:600;\n}\n\n.info-section p{\n  margin-bottom:15px;\n  font-size:15px;\n  color:#4b5563;\n  line-height:1.6;\n  text-align:center;\n}\n\n.info-section ul{\n  list-style:disc;\n  padding-left:20px;\n  margin-bottom:15px;\n  color:#4b5563;\n  font-size:14px;\n}\n\n.info-section ul li{\n  margin-bottom:6px;\n}\n\n\/* Buton grubu *\/\n.button-group{\n  display:flex;\n  flex-wrap:wrap;\n  gap:10px;\n  justify-content:center;\n  margin-bottom:20px;\n}\n\n.btn{\n  display:inline-block;\n  padding:10px 18px;\n  background:#2563eb;\n  color:white;\n  border-radius:8px;\n  text-decoration:none;\n  font-size:14px;\n  font-weight:500;\n  transition:0.2s;\n}\n\n.btn:hover{\n  background:#1d4ed8;\n}\n<\/style>    <\/div>","protected":false},"excerpt":{"rendered":"","protected":false},"author":1,"featured_media":0,"parent":0,"menu_order":0,"comment_status":"closed","ping_status":"closed","template":"","meta":{"om_disable_all_campaigns":false,"_monsterinsights_skip_tracking":false,"_monsterinsights_sitenote_active":false,"_monsterinsights_sitenote_note":"","_monsterinsights_sitenote_category":0,"footnotes":""},"class_list":["post-761","page","type-page","status-publish","hentry"],"aioseo_notices":[],"_hostinger_reach_plugin_has_subscription_block":false,"_hostinger_reach_plugin_is_elementor":false,"_links":{"self":[{"href":"https:\/\/aofyol.com\/en\/wp-json\/wp\/v2\/pages\/761","targetHints":{"allow":["GET"]}}],"collection":[{"href":"https:\/\/aofyol.com\/en\/wp-json\/wp\/v2\/pages"}],"about":[{"href":"https:\/\/aofyol.com\/en\/wp-json\/wp\/v2\/types\/page"}],"author":[{"embeddable":true,"href":"https:\/\/aofyol.com\/en\/wp-json\/wp\/v2\/users\/1"}],"replies":[{"embeddable":true,"href":"https:\/\/aofyol.com\/en\/wp-json\/wp\/v2\/comments?post=761"}],"version-history":[{"count":1,"href":"https:\/\/aofyol.com\/en\/wp-json\/wp\/v2\/pages\/761\/revisions"}],"predecessor-version":[{"id":762,"href":"https:\/\/aofyol.com\/en\/wp-json\/wp\/v2\/pages\/761\/revisions\/762"}],"wp:attachment":[{"href":"https:\/\/aofyol.com\/en\/wp-json\/wp\/v2\/media?parent=761"}],"curies":[{"name":"wp","href":"https:\/\/api.w.org\/{rel}","templated":true}]}}